{"id":31,"date":"2024-09-04T11:42:04","date_gmt":"2024-09-04T09:42:04","guid":{"rendered":"https:\/\/occurro.org\/?page_id=31"},"modified":"2026-05-05T22:54:42","modified_gmt":"2026-05-05T20:54:42","slug":"a-propos-de","status":"publish","type":"page","link":"https:\/\/occurro.org\/index.php\/a-propos-de\/","title":{"rendered":"\u00c0 propos de"},"content":{"rendered":"\n<p>Apr\u00e8s avoir lanc\u00e9 la f\u00eate des voisins dans son quartier en 2008, Etienne THOUVENOT a co-fond\u00e9 Les Petites Cantines en 2015 avec Diane Dupr\u00e9 la Tour. Il a mesur\u00e9 l&rsquo;\u00e9cart entre les rencontres qui se vivaient au sein des Petites Cantines, et l&rsquo;absence de rencontres dans les autres espaces qu&rsquo;il fr\u00e9quentait.<\/p>\n\n\n\n<p>Etienne a souhait\u00e9 faire de la Recherche sur le sujet de la rencontre &#8211; comprendre ses m\u00e9canismes, comprendre ce qui fait rencontre &#8211; pour ensuite trouver des solutions afin que plus de rencontres aient lieu, un peu partout.<\/p>\n\n\n\n<p>Il a commenc\u00e9 par r\u00e9aliser des entretiens anthropologiques de citoyens et de responsables d&rsquo;organisation pour connaitre leurs probl\u00e9matiques li\u00e9es aux rencontres. A partir des attentes et des difficult\u00e9s d\u00e9crites, il a imagin\u00e9 des premiers ateliers pour d\u00e9velopper ses comp\u00e9tences li\u00e9es \u00e0 la rencontre. Les premiers retours des participants l&rsquo;ont convaincu de poursuivre dans cette voie.<\/p>\n\n\n\n<figure class=\"wp-block-image size-large\"><img loading=\"lazy\" decoding=\"async\" width=\"1067\" height=\"1067\" src=\"https:\/\/occurro.org\/wp-content\/uploads\/2024\/10\/Photo_Etienne-Thouvenot_Morgane_Lombard-edited.jpg\" alt=\"\" class=\"wp-image-103\" srcset=\"https:\/\/occurro.org\/wp-content\/uploads\/2024\/10\/Photo_Etienne-Thouvenot_Morgane_Lombard-edited.jpg 1067w, https:\/\/occurro.org\/wp-content\/uploads\/2024\/10\/Photo_Etienne-Thouvenot_Morgane_Lombard-edited-300x300.jpg 300w, https:\/\/occurro.org\/wp-content\/uploads\/2024\/10\/Photo_Etienne-Thouvenot_Morgane_Lombard-edited-1024x1024.jpg 1024w, https:\/\/occurro.org\/wp-content\/uploads\/2024\/10\/Photo_Etienne-Thouvenot_Morgane_Lombard-edited-150x150.jpg 150w, https:\/\/occurro.org\/wp-content\/uploads\/2024\/10\/Photo_Etienne-Thouvenot_Morgane_Lombard-edited-768x768.jpg 768w\" sizes=\"auto, (max-width: 1067px) 100vw, 1067px\" \/><\/figure>\n\n\n\n<p class=\"has-text-align-right\">Cr\u00e9dit photo : Morgane LOMBARD<\/p>\n","protected":false},"excerpt":{"rendered":"<p>Apr\u00e8s avoir lanc\u00e9 la f\u00eate des voisins dans son quartier en 2008, Etienne THOUVENOT a co-fond\u00e9 Les Petites Cantines en 2015 avec Diane Dupr\u00e9 la Tour. Il a mesur\u00e9 l&rsquo;\u00e9cart entre les rencontres qui se vivaient au sein des Petites Cantines, et l&rsquo;absence de rencontres dans les autres espaces qu&rsquo;il fr\u00e9quentait. Etienne a souhait\u00e9 faire [&hellip;]<\/p>\n","protected":false},"author":1,"featured_media":0,"parent":0,"menu_order":0,"comment_status":"closed","ping_status":"closed","template":"","meta":{"footnotes":""},"class_list":["post-31","page","type-page","status-publish","hentry"],"_links":{"self":[{"href":"https:\/\/occurro.org\/index.php\/wp-json\/wp\/v2\/pages\/31","targetHints":{"allow":["GET"]}}],"collection":[{"href":"https:\/\/occurro.org\/index.php\/wp-json\/wp\/v2\/pages"}],"about":[{"href":"https:\/\/occurro.org\/index.php\/wp-json\/wp\/v2\/types\/page"}],"author":[{"embeddable":true,"href":"https:\/\/occurro.org\/index.php\/wp-json\/wp\/v2\/users\/1"}],"replies":[{"embeddable":true,"href":"https:\/\/occurro.org\/index.php\/wp-json\/wp\/v2\/comments?post=31"}],"version-history":[{"count":7,"href":"https:\/\/occurro.org\/index.php\/wp-json\/wp\/v2\/pages\/31\/revisions"}],"predecessor-version":[{"id":184,"href":"https:\/\/occurro.org\/index.php\/wp-json\/wp\/v2\/pages\/31\/revisions\/184"}],"wp:attachment":[{"href":"https:\/\/occurro.org\/index.php\/wp-json\/wp\/v2\/media?parent=31"}],"curies":[{"name":"wp","href":"https:\/\/api.w.org\/{rel}","templated":true}]}}