{"id":30,"date":"2024-09-04T11:42:04","date_gmt":"2024-09-04T09:42:04","guid":{"rendered":"https:\/\/occurro.org\/?page_id=30"},"modified":"2026-05-05T23:38:46","modified_gmt":"2026-05-05T21:38:46","slug":"le-nouveau-e-mucem-ouvre-ses-portes-2","status":"publish","type":"page","link":"https:\/\/occurro.org\/","title":{"rendered":"OCCURRO"},"content":{"rendered":"\n<div class=\"wp-block-group alignfull\"><div class=\"wp-block-group__inner-container is-layout-flow wp-block-group-is-layout-flow\">\n<div class=\"wp-block-group alignfull\"><div class=\"wp-block-group__inner-container is-layout-constrained wp-block-group-is-layout-constrained\">\n<p class=\"has-text-align-center has-larger-font-size\"><strong>Se rencontrer, \u00e7a s&rsquo;apprend !<\/strong><\/p>\n\n\n\n<figure class=\"wp-block-image size-large\"><img loading=\"lazy\" decoding=\"async\" width=\"1024\" height=\"576\" src=\"http:\/\/occurro.org\/wp-content\/uploads\/2026\/05\/IMG_8356-1024x576.jpeg\" alt=\"\" class=\"wp-image-220\" srcset=\"https:\/\/occurro.org\/wp-content\/uploads\/2026\/05\/IMG_8356-1024x576.jpeg 1024w, https:\/\/occurro.org\/wp-content\/uploads\/2026\/05\/IMG_8356-300x169.jpeg 300w, https:\/\/occurro.org\/wp-content\/uploads\/2026\/05\/IMG_8356-768x432.jpeg 768w, https:\/\/occurro.org\/wp-content\/uploads\/2026\/05\/IMG_8356-1536x864.jpeg 1536w, https:\/\/occurro.org\/wp-content\/uploads\/2026\/05\/IMG_8356-2048x1152.jpeg 2048w, https:\/\/occurro.org\/wp-content\/uploads\/2026\/05\/IMG_8356-1200x675.jpeg 1200w, https:\/\/occurro.org\/wp-content\/uploads\/2026\/05\/IMG_8356-1980x1114.jpeg 1980w\" sizes=\"auto, (max-width: 1024px) 100vw, 1024px\" \/><\/figure>\n\n\n\n<p>Les rencontres ont lieu :<\/p>\n\n\n\n<ul class=\"wp-block-list\">\n<li>parce que <strong>les personnes ont la comp\u00e9tence<\/strong> pour se rencontrer<\/li>\n\n\n\n<li>parce que <strong><mark style=\"background-color:rgba(0, 0, 0, 0)\" class=\"has-inline-color has-primary-color\">la rencontre est provoqu\u00e9e<\/mark><\/strong> par l&rsquo;organisation (entreprise, association, collectif, collectivit\u00e9s&#8230;) ou une tierce personne<\/li>\n<\/ul>\n<\/div><\/div>\n\n\n\n<p class=\"has-text-align-center has-accent-color has-text-color has-link-color wp-elements-48d2b4c1faac4aee6e0a86a927fa82c8\"><strong><mark style=\"background-color:rgba(0, 0, 0, 0)\" class=\"has-inline-color has-primary-color\">Pour que les rencontres aient lieu,<\/mark><\/strong><\/p>\n\n\n\n<h2 class=\"wp-block-heading alignwide has-text-align-center has-accent-color has-text-color has-link-color wp-elements-048d1d8fa8c147f18e672a247fd8c887\"><mark style=\"background-color:rgba(0, 0, 0, 0)\" class=\"has-inline-color has-primary-color\"><strong>OCCURRO propose des ateliers p\u00e9dagogiques pour d\u00e9velopper ses comp\u00e9tences \u00e0 rencontrer les autres <\/strong><\/mark> <\/h2>\n\n\n\n<p class=\"has-text-align-center\"><mark style=\"background-color:rgba(0, 0, 0, 0)\" class=\"has-inline-color has-primary-color\"><strong> <\/strong>avec les propositions suivantes :<\/mark><\/p>\n\n\n\n<p><\/p>\n\n\n\n<p><strong>Atelier OCCURRO (3h)<\/strong><\/p>\n<\/div><\/div>\n\n\n\n<figure class=\"wp-block-image size-full\"><img loading=\"lazy\" decoding=\"async\" width=\"640\" height=\"480\" src=\"http:\/\/occurro.org\/wp-content\/uploads\/2024\/08\/Fresque-Annecy.jpeg\" alt=\"3 personnes sont assis \u00e0 une table et jouent avec des cartes pour d\u00e9couvrir le sujet de la rencontre\" class=\"wp-image-27\" srcset=\"https:\/\/occurro.org\/wp-content\/uploads\/2024\/08\/Fresque-Annecy.jpeg 640w, https:\/\/occurro.org\/wp-content\/uploads\/2024\/08\/Fresque-Annecy-300x225.jpeg 300w\" sizes=\"auto, (max-width: 640px) 100vw, 640px\" \/><\/figure>\n\n\n\n<p><\/p>\n\n\n\n<p><strong>Exp\u00e9rience OCCURRO (1h30)<\/strong><\/p>\n\n\n\n<figure class=\"wp-block-image size-full\"><img loading=\"lazy\" decoding=\"async\" width=\"640\" height=\"427\" src=\"http:\/\/occurro.org\/wp-content\/uploads\/2026\/05\/A220-Moyenne.jpeg\" alt=\"\" class=\"wp-image-258\" srcset=\"https:\/\/occurro.org\/wp-content\/uploads\/2026\/05\/A220-Moyenne.jpeg 640w, https:\/\/occurro.org\/wp-content\/uploads\/2026\/05\/A220-Moyenne-300x200.jpeg 300w\" sizes=\"auto, (max-width: 640px) 100vw, 640px\" \/><\/figure>\n\n\n\n<p><\/p>\n\n\n\n<p><strong>Parcours OCCURRO avec des Modules sp\u00e9cifiques d&rsquo;approfondissement (se pr\u00e9senter, \u00e9coute active, networking&#8230;)<\/strong><\/p>\n\n\n\n<figure class=\"wp-block-image size-full\"><img loading=\"lazy\" decoding=\"async\" width=\"640\" height=\"480\" src=\"http:\/\/occurro.org\/wp-content\/uploads\/2024\/08\/16C5E32F-AC1E-41E0-8C49-89351C2070FD_1_201_a-Moyenne.jpeg\" alt=\"\" class=\"wp-image-22\" srcset=\"https:\/\/occurro.org\/wp-content\/uploads\/2024\/08\/16C5E32F-AC1E-41E0-8C49-89351C2070FD_1_201_a-Moyenne.jpeg 640w, https:\/\/occurro.org\/wp-content\/uploads\/2024\/08\/16C5E32F-AC1E-41E0-8C49-89351C2070FD_1_201_a-Moyenne-300x225.jpeg 300w\" sizes=\"auto, (max-width: 640px) 100vw, 640px\" \/><\/figure>\n\n\n\n<div class=\"wp-block-group alignfull\"><div class=\"wp-block-group__inner-container is-layout-flow wp-block-group-is-layout-flow\">\n<h2 class=\"wp-block-heading alignwide has-text-align-center\">OCCURRO accompagne aussi les organisations qui souhaitent provoquer des rencontres.<\/h2>\n\n\n\n<p><strong>Atelier \u00ab\u00a0mobiliser les membres de son organisation par la rencontre\u00a0\u00bb<\/strong><\/p>\n<\/div><\/div>\n\n\n\n<figure class=\"wp-block-image size-large\"><img loading=\"lazy\" decoding=\"async\" width=\"1024\" height=\"768\" src=\"http:\/\/occurro.org\/wp-content\/uploads\/2024\/10\/1-1-1024x768.jpeg\" alt=\"\" class=\"wp-image-94\" srcset=\"https:\/\/occurro.org\/wp-content\/uploads\/2024\/10\/1-1-1024x768.jpeg 1024w, https:\/\/occurro.org\/wp-content\/uploads\/2024\/10\/1-1-300x225.jpeg 300w, https:\/\/occurro.org\/wp-content\/uploads\/2024\/10\/1-1-768x576.jpeg 768w, https:\/\/occurro.org\/wp-content\/uploads\/2024\/10\/1-1-1536x1152.jpeg 1536w, https:\/\/occurro.org\/wp-content\/uploads\/2024\/10\/1-1-2048x1536.jpeg 2048w, https:\/\/occurro.org\/wp-content\/uploads\/2024\/10\/1-1-1200x900.jpeg 1200w, https:\/\/occurro.org\/wp-content\/uploads\/2024\/10\/1-1-1980x1485.jpeg 1980w\" sizes=\"auto, (max-width: 1024px) 100vw, 1024px\" \/><\/figure>\n\n\n\n<p><\/p>\n\n\n\n<p><strong>Temps OCCURRO<\/strong> lors d&rsquo;\u00e9v\u00e8nements pour faire se rencontrer les participants<\/p>\n\n\n\n<figure class=\"wp-block-image size-large\"><img loading=\"lazy\" decoding=\"async\" width=\"1024\" height=\"768\" src=\"http:\/\/occurro.org\/wp-content\/uploads\/2024\/08\/IMG_2569-4-Grande-1024x768.jpeg\" alt=\"\" class=\"wp-image-24\" srcset=\"https:\/\/occurro.org\/wp-content\/uploads\/2024\/08\/IMG_2569-4-Grande-1024x768.jpeg 1024w, https:\/\/occurro.org\/wp-content\/uploads\/2024\/08\/IMG_2569-4-Grande-300x225.jpeg 300w, https:\/\/occurro.org\/wp-content\/uploads\/2024\/08\/IMG_2569-4-Grande-768x576.jpeg 768w, https:\/\/occurro.org\/wp-content\/uploads\/2024\/08\/IMG_2569-4-Grande-1200x900.jpeg 1200w, https:\/\/occurro.org\/wp-content\/uploads\/2024\/08\/IMG_2569-4-Grande.jpeg 1280w\" sizes=\"auto, (max-width: 1024px) 100vw, 1024px\" \/><\/figure>\n\n\n\n<p><\/p>\n\n\n\n<p><strong>Accompagnements sp\u00e9cifiques :<\/strong> <\/p>\n\n\n\n<ul class=\"wp-block-list\">\n<li>penser l&rsquo;accueil dans son organisation,<\/li>\n\n\n\n<li>provoquer des rencontres dans son organisation,<\/li>\n\n\n\n<li>penser l&rsquo;accueil dans sa ville.<\/li>\n\n\n\n<li>possibilit\u00e9 d&rsquo;organiser des ateliers de cr\u00e9ativit\u00e9 \u00e0 la suite de modules de formation.<\/li>\n<\/ul>\n\n\n\n<div class=\"wp-block-group alignfull\"><div class=\"wp-block-group__inner-container is-layout-flow wp-block-group-is-layout-flow\">\n<figure class=\"wp-block-image size-large\"><img loading=\"lazy\" decoding=\"async\" width=\"1024\" height=\"768\" src=\"http:\/\/occurro.org\/wp-content\/uploads\/2024\/10\/3-1-1024x768.jpeg\" alt=\"\" class=\"wp-image-95\" srcset=\"https:\/\/occurro.org\/wp-content\/uploads\/2024\/10\/3-1-1024x768.jpeg 1024w, https:\/\/occurro.org\/wp-content\/uploads\/2024\/10\/3-1-300x225.jpeg 300w, https:\/\/occurro.org\/wp-content\/uploads\/2024\/10\/3-1-768x576.jpeg 768w, https:\/\/occurro.org\/wp-content\/uploads\/2024\/10\/3-1-1536x1152.jpeg 1536w, https:\/\/occurro.org\/wp-content\/uploads\/2024\/10\/3-1-2048x1536.jpeg 2048w, https:\/\/occurro.org\/wp-content\/uploads\/2024\/10\/3-1-1200x900.jpeg 1200w, https:\/\/occurro.org\/wp-content\/uploads\/2024\/10\/3-1-1980x1485.jpeg 1980w\" sizes=\"auto, (max-width: 1024px) 100vw, 1024px\" \/><\/figure>\n\n\n\n<p><\/p>\n\n\n\n<p><\/p>\n\n\n\n<p><\/p>\n<\/div><\/div>\n\n\n\n<div class=\"wp-block-columns alignwide is-layout-flex wp-container-core-columns-is-layout-9d6595d7 wp-block-columns-is-layout-flex\">\n<div class=\"wp-block-column is-layout-flow wp-block-column-is-layout-flow\"><\/div>\n\n\n\n<div class=\"wp-block-column is-layout-flow wp-block-column-is-layout-flow\"><\/div>\n<\/div>\n\n\n\n<div class=\"wp-block-group alignwide\"><div class=\"wp-block-group__inner-container is-layout-flow wp-block-group-is-layout-flow\">\n<h2 class=\"wp-block-heading has-text-align-center has-accent-color has-text-color\">Ils nous ont d\u00e9j\u00e0 fait confiance<\/h2>\n<\/div><\/div>\n\n\n\n<p class=\"has-drop-cap\">Que ce soit pour un Atelier OCCURRO, une Exp\u00e9rience OCCURRO, un Parcours OCCURRO, ou un temps OCCURRO lors d&rsquo;un \u00e9v\u00e8nement&#8230;<\/p>\n\n\n<div  ><style id=\"sp_lcp_dynamic_css151\">div#logo-carousel-free-151.logo-carousel-free .sp-lc-logo{border: 1px solid #dddddd;border-radius: 0px;overflow: hidden;}div#logo-carousel-free-151.logo-carousel-free .sp-lc-logo:hover{border-color: #16a08b;}#logo-carousel-free-151.sp-lc-container .sp-lc-pagination .swiper-pagination-bullet {background-color: #dddddd;margin: 0 4px;}#logo-carousel-free-151.sp-lc-container .sp-lc-pagination .swiper-pagination-bullet.swiper-pagination-bullet-active{background-color: #16a08b; }#logo-carousel-free-151.sp-lc-container .sp-logo-carousel {padding-top: 46px;}#logo-carousel-free-151.sp-lc-container .sp-lc-button-prev,#logo-carousel-free-151.sp-lc-container .sp-lc-button-next {color: #aaaaaa;background: transparent;border: 1px solid #aaaaaa;line-height: 28px;}#logo-carousel-free-151.sp-lc-container .sp-lc-button-prev:hover,#logo-carousel-free-151.sp-lc-container .sp-lc-button-next:hover{background-color: #16a08b;color: #ffffff;border-color: #16a08b;}@media only screen and (max-width: 576px) {} .logo-carousel-free-area#logo-carousel-free-151{position: relative;}#lcp-preloader-151{position: absolute;left: 0;top: 0;height: 100%;width: 100%;text-align: center;display: flex;align-items: center;justify-content: center;background: #fff;z-index: 9999;} .logo-carousel-free-area#logo-carousel-free-151 .sp-logo-carousel-section-title{margin-bottom: 30px;}#logo-carousel-free-151 .sp-lc-grid-container { justify-content: left; align-items: center; } #logo-carousel-free-151 .swiper-wrapper .swiper-slide { align-self: center; }#logo-carousel-free-151 .sp-lc-grid-container {margin-left: -4px;margin-right: -4px;width: calc( 100% + 8px);}#logo-carousel-free-151 .sp-lc-grid-container [class*=\"lc-col\"] {padding-left: 4px;padding-right: 4px;padding-bottom: 8px;}@media screen and (min-width: 1200px ){.logo-carousel-free-area#logo-carousel-free-151 .sp-logo-carousel:not([class*=\"-initialized\"]) > .swiper-wrapper {display: flex;width: calc( 100% + 8px );}.logo-carousel-free-area#logo-carousel-free-151 .sp-logo-carousel:not([class*=\"-initialized\"]) > .swiper-wrapper > .swiper-slide {width: 20%;padding-right: 8px;}}<\/style>\n<div id='logo-carousel-free-151' class=\"logo-carousel-free logo-carousel-free-area sp-lc-container\">\n\t\t\t<div id=\"lcp-preloader-151\" class=\"sp-logo-carousel-preloader\"><img decoding=\"async\" src=\"https:\/\/occurro.org\/wp-content\/plugins\/logo-carousel-free\/admin\/assets\/images\/spinner.svg\" alt=\"Loader Image\"\/><\/div>\n\t\t\t<div id=\"sp-logo-carousel-id-151\" class=\"swiper-container sp-logo-carousel  lcp-preloader\" dir=\"ltr\" data-carousel='{ \"speed\":600,\"spaceBetween\": 8, \"autoplay\": true, \"infinite\":true, \"autoplay_speed\": 3000, \"stop_onHover\": true, \"pagination\": true, \"navigation\": true, \"MobileNav\": true, \"MobilePagi\": true, \"simulateTouch\": true,\"freeMode\": false,\"swipeToSlide\": false, \"carousel_accessibility\": true,\"adaptiveHeight\": false,\"allowTouchMove\": true, \"slidesPerView\": { \"lg_desktop\": 5, \"desktop\": 4, \"tablet\": 3, \"mobile\": 1, \"mobile_landscape\": 2 } }' data-carousel-starts-onscreen=\"false\">\n\t\t<div class=\"swiper-wrapper\">\n\t\t\t\t<div class=\"swiper-slide\"><div class=\"sp-lc-logo\"><img loading=\"lazy\" decoding=\"async\" src=\"https:\/\/occurro.org\/wp-content\/uploads\/2026\/05\/Logo-Bouygues-Immo-768x366.jpg\" title=\"\" alt=\"Bouygues Immo\" width=\"580\" height=\"276\" class=\"sp-lc-image skip-lazy\"><\/div><\/div>\n\t\t<div class=\"swiper-slide\"><div class=\"sp-lc-logo\"><img loading=\"lazy\" decoding=\"async\" src=\"https:\/\/occurro.org\/wp-content\/uploads\/2026\/05\/Logo-CJD-Lyon-Metropole.png\" title=\"\" alt=\"CJD\" width=\"225\" height=\"225\" class=\"sp-lc-image skip-lazy\"><\/div><\/div>\n\t\t<div class=\"swiper-slide\"><div class=\"sp-lc-logo\"><img loading=\"lazy\" decoding=\"async\" src=\"https:\/\/occurro.org\/wp-content\/uploads\/2026\/05\/images-3.png\" title=\"\" alt=\"FOL69\" width=\"205\" height=\"246\" class=\"sp-lc-image skip-lazy\"><\/div><\/div>\n\t\t<div class=\"swiper-slide\"><div class=\"sp-lc-logo\"><img loading=\"lazy\" decoding=\"async\" src=\"https:\/\/occurro.org\/wp-content\/uploads\/2026\/05\/Logo-Generali.png\" title=\"\" alt=\"Generali\" width=\"529\" height=\"458\" class=\"sp-lc-image skip-lazy\"><\/div><\/div>\n\t\t<div class=\"swiper-slide\"><div class=\"sp-lc-logo\"><img loading=\"lazy\" decoding=\"async\" src=\"https:\/\/occurro.org\/wp-content\/uploads\/2026\/05\/Humans-Matter_logo-300x300-1.webp\" title=\"\" alt=\"Humans Matter\" width=\"300\" height=\"300\" class=\"sp-lc-image skip-lazy\"><\/div><\/div>\n\t\t<div class=\"swiper-slide\"><div class=\"sp-lc-logo\"><img loading=\"lazy\" decoding=\"async\" src=\"https:\/\/occurro.org\/wp-content\/uploads\/2026\/05\/LOGO-HD-768x257.jpg\" title=\"\" alt=\"NINKASI\" width=\"580\" height=\"194\" class=\"sp-lc-image skip-lazy\"><\/div><\/div>\n\t\t<div class=\"swiper-slide\"><div class=\"sp-lc-logo\"><img loading=\"lazy\" decoding=\"async\" src=\"https:\/\/occurro.org\/wp-content\/uploads\/2026\/05\/okeenea-logo.png\" title=\"\" alt=\"Okeenea\" width=\"580\" height=\"387\" class=\"sp-lc-image skip-lazy\"><\/div><\/div>\n\t\t<div class=\"swiper-slide\"><div class=\"sp-lc-logo\"><img loading=\"lazy\" decoding=\"async\" src=\"https:\/\/occurro.org\/wp-content\/uploads\/2026\/05\/images-4.png\" title=\"\" alt=\"Ronalpia\" width=\"294\" height=\"171\" class=\"sp-lc-image skip-lazy\"><\/div><\/div>\n\t\t\t<\/div>\n\n\t\t\t\t\t<div class=\"sp-lc-pagination swiper-pagination dots\"><\/div>\n\t\t\t\t\t\t<div class=\"sp-lc-button-next\"><i class=\"fa fa-angle-right\"><\/i><\/div>\n\t\t\t<div class=\"sp-lc-button-prev\"><i class=\"fa fa-angle-left\"><\/i><\/div>\n\t\t\t\t<\/div>\n<\/div>\n<\/div>\n\n\n<div class=\"wp-block-group alignwide has-background\" style=\"background-color:#ffffff\"><div class=\"wp-block-group__inner-container is-layout-flow wp-block-group-is-layout-flow\">\n<div class=\"wp-block-group\"><div class=\"wp-block-group__inner-container is-layout-flow wp-block-group-is-layout-flow\">\n<h2 class=\"wp-block-heading has-text-align-center\">Vous voulez rejoindre OCCURRO ?<\/h2>\n\n\n\n<p class=\"has-text-align-center\">G\u00e9nial. Une 1\u00e8re communaut\u00e9 d&rsquo;experts et d&rsquo;animateurs se forme, vous pouvez la rejoindre. D&rsquo;autres personnes souhaitent s&rsquo;investir dans diverses actions pour cr\u00e9er des rencontres&#8230; Rejoignez-nous en nous disant ce que vous avez envie de faire.<\/p>\n\n\n\n<div class=\"wp-block-button aligncenter\"><a class=\"wp-block-button__link wp-element-button\" href=\"https:\/\/occurro.org\/index.php\/contact\/\">CONTACT<\/a><\/div>\n<\/div><\/div>\n<\/div><\/div>\n\n\n\n<figure class=\"wp-block-gallery alignwide has-nested-images columns-default is-cropped wp-block-gallery-1 is-layout-flex wp-block-gallery-is-layout-flex\">\n<figure class=\"wp-block-image size-large\"><img loading=\"lazy\" decoding=\"async\" width=\"640\" height=\"480\" data-id=\"59\" src=\"https:\/\/occurro.org\/wp-content\/uploads\/2024\/09\/77BB4B5D-A329-4900-9216-96D690479676-Moyenne.jpeg\" alt=\"\" class=\"wp-image-59\" srcset=\"https:\/\/occurro.org\/wp-content\/uploads\/2024\/09\/77BB4B5D-A329-4900-9216-96D690479676-Moyenne.jpeg 640w, https:\/\/occurro.org\/wp-content\/uploads\/2024\/09\/77BB4B5D-A329-4900-9216-96D690479676-Moyenne-300x225.jpeg 300w\" sizes=\"auto, (max-width: 640px) 100vw, 640px\" \/><\/figure>\n\n\n\n<figure class=\"wp-block-image size-large\"><img loading=\"lazy\" decoding=\"async\" width=\"640\" height=\"480\" data-id=\"60\" src=\"https:\/\/occurro.org\/wp-content\/uploads\/2024\/09\/92D5A404-7BCE-4B85-A61C-72320B281DD4-Moyenne.jpeg\" alt=\"\" class=\"wp-image-60\" srcset=\"https:\/\/occurro.org\/wp-content\/uploads\/2024\/09\/92D5A404-7BCE-4B85-A61C-72320B281DD4-Moyenne.jpeg 640w, https:\/\/occurro.org\/wp-content\/uploads\/2024\/09\/92D5A404-7BCE-4B85-A61C-72320B281DD4-Moyenne-300x225.jpeg 300w\" sizes=\"auto, (max-width: 640px) 100vw, 640px\" \/><\/figure>\n\n\n\n<figure class=\"wp-block-image size-large\"><img loading=\"lazy\" decoding=\"async\" width=\"640\" height=\"480\" data-id=\"63\" src=\"https:\/\/occurro.org\/wp-content\/uploads\/2024\/09\/6182577F-26CC-4EF7-B66D-92A87640B723_1_201_a-Moyenne.jpeg\" alt=\"\" class=\"wp-image-63\" srcset=\"https:\/\/occurro.org\/wp-content\/uploads\/2024\/09\/6182577F-26CC-4EF7-B66D-92A87640B723_1_201_a-Moyenne.jpeg 640w, https:\/\/occurro.org\/wp-content\/uploads\/2024\/09\/6182577F-26CC-4EF7-B66D-92A87640B723_1_201_a-Moyenne-300x225.jpeg 300w\" sizes=\"auto, (max-width: 640px) 100vw, 640px\" \/><\/figure>\n\n\n\n<figure class=\"wp-block-image size-large\"><img loading=\"lazy\" decoding=\"async\" width=\"640\" height=\"480\" data-id=\"61\" src=\"https:\/\/occurro.org\/wp-content\/uploads\/2024\/09\/E186E2C6-5E74-4170-893B-69ADE8842B6C-Moyenne.jpeg\" alt=\"\" class=\"wp-image-61\" srcset=\"https:\/\/occurro.org\/wp-content\/uploads\/2024\/09\/E186E2C6-5E74-4170-893B-69ADE8842B6C-Moyenne.jpeg 640w, https:\/\/occurro.org\/wp-content\/uploads\/2024\/09\/E186E2C6-5E74-4170-893B-69ADE8842B6C-Moyenne-300x225.jpeg 300w\" sizes=\"auto, (max-width: 640px) 100vw, 640px\" \/><\/figure>\n\n\n\n<figure class=\"wp-block-image size-large\"><img loading=\"lazy\" decoding=\"async\" width=\"640\" height=\"480\" data-id=\"62\" src=\"https:\/\/occurro.org\/wp-content\/uploads\/2024\/09\/E21439DC-6868-42AB-8AA9-5CE71E98F345_1_201_a-Moyenne.jpeg\" alt=\"\" class=\"wp-image-62\" srcset=\"https:\/\/occurro.org\/wp-content\/uploads\/2024\/09\/E21439DC-6868-42AB-8AA9-5CE71E98F345_1_201_a-Moyenne.jpeg 640w, https:\/\/occurro.org\/wp-content\/uploads\/2024\/09\/E21439DC-6868-42AB-8AA9-5CE71E98F345_1_201_a-Moyenne-300x225.jpeg 300w\" sizes=\"auto, (max-width: 640px) 100vw, 640px\" \/><\/figure>\n\n\n\n<figure class=\"wp-block-image size-large\"><img loading=\"lazy\" decoding=\"async\" width=\"640\" height=\"480\" data-id=\"64\" src=\"https:\/\/occurro.org\/wp-content\/uploads\/2024\/09\/FCC109DE-9D40-4075-9B29-5473F1E5F056_1_201_a-Moyenne.jpeg\" alt=\"\" class=\"wp-image-64\" srcset=\"https:\/\/occurro.org\/wp-content\/uploads\/2024\/09\/FCC109DE-9D40-4075-9B29-5473F1E5F056_1_201_a-Moyenne.jpeg 640w, https:\/\/occurro.org\/wp-content\/uploads\/2024\/09\/FCC109DE-9D40-4075-9B29-5473F1E5F056_1_201_a-Moyenne-300x225.jpeg 300w\" sizes=\"auto, (max-width: 640px) 100vw, 640px\" \/><\/figure>\n<\/figure>\n\n\n\n<p><\/p>\n","protected":false},"excerpt":{"rendered":"<p>Se rencontrer, \u00e7a s&rsquo;apprend ! Les rencontres ont lieu : Pour que les rencontres aient lieu, OCCURRO propose des ateliers p\u00e9dagogiques pour d\u00e9velopper ses comp\u00e9tences \u00e0 rencontrer les autres avec les propositions suivantes : Atelier OCCURRO (3h) Exp\u00e9rience OCCURRO (1h30) Parcours OCCURRO avec des Modules sp\u00e9cifiques d&rsquo;approfondissement (se pr\u00e9senter, \u00e9coute active, networking&#8230;) OCCURRO accompagne aussi [&hellip;]<\/p>\n","protected":false},"author":1,"featured_media":0,"parent":0,"menu_order":0,"comment_status":"closed","ping_status":"closed","template":"","meta":{"footnotes":""},"class_list":["post-30","page","type-page","status-publish","hentry"],"_links":{"self":[{"href":"https:\/\/occurro.org\/index.php\/wp-json\/wp\/v2\/pages\/30","targetHints":{"allow":["GET"]}}],"collection":[{"href":"https:\/\/occurro.org\/index.php\/wp-json\/wp\/v2\/pages"}],"about":[{"href":"https:\/\/occurro.org\/index.php\/wp-json\/wp\/v2\/types\/page"}],"author":[{"embeddable":true,"href":"https:\/\/occurro.org\/index.php\/wp-json\/wp\/v2\/users\/1"}],"replies":[{"embeddable":true,"href":"https:\/\/occurro.org\/index.php\/wp-json\/wp\/v2\/comments?post=30"}],"version-history":[{"count":33,"href":"https:\/\/occurro.org\/index.php\/wp-json\/wp\/v2\/pages\/30\/revisions"}],"predecessor-version":[{"id":266,"href":"https:\/\/occurro.org\/index.php\/wp-json\/wp\/v2\/pages\/30\/revisions\/266"}],"wp:attachment":[{"href":"https:\/\/occurro.org\/index.php\/wp-json\/wp\/v2\/media?parent=30"}],"curies":[{"name":"wp","href":"https:\/\/api.w.org\/{rel}","templated":true}]}}