{"id":19,"date":"2024-10-02T17:01:26","date_gmt":"2024-10-02T15:01:26","guid":{"rendered":"https:\/\/occurro.org\/?page_id=19"},"modified":"2024-10-02T17:04:49","modified_gmt":"2024-10-02T15:04:49","slug":"occurro","status":"publish","type":"page","link":"https:\/\/occurro.org\/index.php\/occurro\/","title":{"rendered":"Notre raison d&rsquo;\u00eatre"},"content":{"rendered":"\n<h2 class=\"wp-block-heading\"><\/h2>\n\n\n\n<p>Nous croyons dans le pouvoir transformateur de la rencontre, car elle est source d\u2019enrichissement personnel et collectif (savoir, savoir-faire, savoir-\u00eatre, opinions, id\u00e9es\u2026).<\/p>\n\n\n\n<p>Nous croyons que la rencontre est le fruit d\u2019une comp\u00e9tence, et qu\u2019elle s\u2019apprend. <\/p>\n\n\n\n<p>Nous savons que la rencontre, comme toutes les formes de relations humaines, r\u00e9pond \u00e0 des codes culturels. Elle est aussi influenc\u00e9e par des m\u00e9canismes psychologiques et cognitifs. Comprendre comment la rencontre a lieu permet de mieux l&rsquo;appr\u00e9hender.<\/p>\n\n\n\n<p>Nous croyons que chaque individu a le potentiel \u00e0 rencontrer, et qu&rsquo;il peut transformer ce potentiel en comp\u00e9tence (consciente ou non), au travers d&rsquo;ateliers, de formations, de parcours et\/ou d&rsquo;exp\u00e9riences.<\/p>\n\n\n\n<p>Nous r\u00eavons d&rsquo;une soci\u00e9t\u00e9 dans laquelle chacun a la capacit\u00e9 r\u00e9elle \u00e0 rencontrer rapidement et r\u00e9guli\u00e8rement les personnes proches, en commen\u00e7ant par ses voisins, ses coll\u00e8gues, les autres participants d&rsquo;activit\u00e9s de loisir ou d&rsquo;engagement<\/p>\n\n\n\n<p><\/p>\n\n\n\n<p><\/p>\n","protected":false},"excerpt":{"rendered":"<p>Nous croyons dans le pouvoir transformateur de la rencontre, car elle est source d\u2019enrichissement personnel et collectif (savoir, savoir-faire, savoir-\u00eatre, opinions, id\u00e9es\u2026). Nous croyons que la rencontre est le fruit d\u2019une comp\u00e9tence, et qu\u2019elle s\u2019apprend. Nous savons que la rencontre, comme toutes les formes de relations humaines, r\u00e9pond \u00e0 des codes culturels. Elle est aussi [&hellip;]<\/p>\n","protected":false},"author":1,"featured_media":0,"parent":0,"menu_order":0,"comment_status":"closed","ping_status":"closed","template":"","meta":{"footnotes":""},"class_list":["post-19","page","type-page","status-publish","hentry"],"_links":{"self":[{"href":"https:\/\/occurro.org\/index.php\/wp-json\/wp\/v2\/pages\/19","targetHints":{"allow":["GET"]}}],"collection":[{"href":"https:\/\/occurro.org\/index.php\/wp-json\/wp\/v2\/pages"}],"about":[{"href":"https:\/\/occurro.org\/index.php\/wp-json\/wp\/v2\/types\/page"}],"author":[{"embeddable":true,"href":"https:\/\/occurro.org\/index.php\/wp-json\/wp\/v2\/users\/1"}],"replies":[{"embeddable":true,"href":"https:\/\/occurro.org\/index.php\/wp-json\/wp\/v2\/comments?post=19"}],"version-history":[{"count":4,"href":"https:\/\/occurro.org\/index.php\/wp-json\/wp\/v2\/pages\/19\/revisions"}],"predecessor-version":[{"id":107,"href":"https:\/\/occurro.org\/index.php\/wp-json\/wp\/v2\/pages\/19\/revisions\/107"}],"wp:attachment":[{"href":"https:\/\/occurro.org\/index.php\/wp-json\/wp\/v2\/media?parent=19"}],"curies":[{"name":"wp","href":"https:\/\/api.w.org\/{rel}","templated":true}]}}